{"id":1589,"date":"2024-01-11T16:40:13","date_gmt":"2024-01-11T15:40:13","guid":{"rendered":"https:\/\/ateitis.pl\/turek\/?page_id=1589"},"modified":"2026-03-01T09:09:02","modified_gmt":"2026-03-01T08:09:02","slug":"zarezerwuj","status":"publish","type":"page","link":"https:\/\/ateitis.pl\/bialystok\/","title":{"rendered":"Zarezerwuj &#8211; Bialystok"},"content":{"rendered":"\t\t<div data-elementor-type=\"wp-page\" data-elementor-id=\"1589\" class=\"elementor elementor-1589\" data-elementor-post-type=\"page\">\n\t\t\t\t<div class=\"elementor-element elementor-element-df69f90 e-flex e-con-boxed e-con e-parent\" data-id=\"df69f90\" data-element_type=\"container\" data-e-type=\"container\" data-settings=\"{&quot;background_background&quot;:&quot;video&quot;,&quot;background_video_link&quot;:&quot;https:\\\/\\\/ateitis.pl\\\/lodz\\\/wp-content\\\/uploads\\\/2024\\\/02\\\/AT-15.mp4&quot;,&quot;background_play_on_mobile&quot;:&quot;yes&quot;}\">\n\t\t\t\t\t<div class=\"e-con-inner\">\n\t\t<div class=\"elementor-background-video-container\">\n\t\t\t\t\t\t\t<video class=\"elementor-background-video-hosted\" role=\"presentation\" autoplay muted playsinline loop><\/video>\n\t\t\t\t\t<\/div><div class=\"elementor-element elementor-element-d5041e0 e-flex e-con-boxed elementor-invisible e-con e-child\" data-id=\"d5041e0\" data-element_type=\"container\" data-e-type=\"container\" data-settings=\"{&quot;animation&quot;:&quot;fadeIn&quot;}\">\n\t\t\t\t\t<div class=\"e-con-inner\">\n\t\t\t\t<div class=\"elementor-element elementor-element-1134420 elementor-widget__width-inherit elementor-widget elementor-widget-heading\" data-id=\"1134420\" data-element_type=\"widget\" data-e-type=\"widget\" data-widget_type=\"heading.default\">\n\t\t\t\t<div class=\"elementor-widget-container\">\n\t\t\t\t\t<h2 class=\"elementor-heading-title elementor-size-default\">Zarezerwuj ju\u017c dzi\u015b<\/h2>\t\t\t\t<\/div>\n\t\t\t\t<\/div>\n\t\t\t\t<div class=\"elementor-element elementor-element-7b99401 elementor-widget__width-inherit elementor-widget elementor-widget-shortcode\" data-id=\"7b99401\" data-element_type=\"widget\" data-e-type=\"widget\" data-widget_type=\"shortcode.default\">\n\t\t\t\t<div class=\"elementor-widget-container\">\n\t\t\t\t\t\t\t<div class=\"elementor-shortcode\">\n<script>\n  if (typeof hasAmeliaEntitiesApiCall === 'undefined' && '' === '') {\n    var hasAmeliaEntitiesApiCall = true;\n  }\n  var ameliaShortcodeData = (typeof ameliaShortcodeData === 'undefined') ? [] : ameliaShortcodeData;\n  ameliaShortcodeData.push(\n    {\n      'hasApiCall': (typeof hasAmeliaEntitiesApiCall !== 'undefined') && hasAmeliaEntitiesApiCall,\n      'trigger': '',\n      'trigger_type': '',\n      'triggered_form': 'sbsNew',\n      'in_dialog': '',\n      'show': '',\n      'counter': '1000',\n      'category': '',\n      'service': '',\n      'employee': '',\n      'location': '',\n      'package': ''\n    }\n  );\n\n  var ameliaShortcodeDataTriggered = (typeof ameliaShortcodeDataTriggered === 'undefined') ? [] : ameliaShortcodeDataTriggered;\n  if (ameliaShortcodeData[ameliaShortcodeData.length - 1].trigger !== '') {\n    if (ameliaShortcodeDataTriggered.filter(a => a.counter === ameliaShortcodeData[ameliaShortcodeData.length - 1].counter).length === 0) {\n      ameliaShortcodeDataTriggered.push(ameliaShortcodeData.pop());\n    } else {\n      ameliaShortcodeData.pop()\n    }\n  }\n  if (typeof hasAmeliaEntitiesApiCall !== 'undefined' && hasAmeliaEntitiesApiCall) {\n    hasAmeliaEntitiesApiCall = false;\n  }\n<\/script>\n\n<div\n  id=\"amelia-v2-booking-1000\"\n  class=\"amelia-v2-booking\"\n >\n    <step-form-wrapper><\/step-form-wrapper><\/div>\n<\/div>\n\t\t\t\t\t\t<\/div>\n\t\t\t\t<\/div>\n\t\t\t\t<div class=\"elementor-element elementor-element-89738f0 elementor-widget__width-initial elementor-widget-mobile__width-inherit elementor-widget-tablet__width-initial elementor-widget elementor-widget-text-editor\" data-id=\"89738f0\" data-element_type=\"widget\" data-e-type=\"widget\" data-widget_type=\"text-editor.default\">\n\t\t\t\t<div class=\"elementor-widget-container\">\n\t\t\t\t\t\t\t\t\t<h4><span style=\"font-weight: bold;\">Zalecamy wcze\u015bniejsz\u0105 rezerwacj\u0119\u00a0<\/span><\/h4><h4><span style=\"font-weight: bold;\">na naszej stronie internetowej lub telefonicznie.<\/span><\/h4><p><strong>VR ARENA swobodnego przemieszczania<\/strong><\/p><p><span style=\"font-weight: bolder;\">ul.Elewatorska 29, 15-620 Bia\u0142ystok<\/span><span style=\"font-weight: bolder;\">\u00a0<\/span><\/p><p>30 min.: 70 PLN<\/p><p>60 min.: 120 PLN<\/p><p><strong>Grupa 5-8 os\u00f3b:\u00a0 110 PLN na osob\u0119 !!!<\/strong><\/p><p><strong>Grupa 9-10 os\u00f3b:\u00a0 100 PLN na osob\u0119 !!!<\/strong><\/p><p>* Rezerwacja 30-minutowa dost\u0119pna po kontakcie telefonicznym lub przy rezerwacji na miejscu.<\/p><p>Grupy powy\u017cej 10 os\u00f3b oraz eventy \u2013 prosimy o kontakt telefoniczny.<\/p><p>Korzystanie z VR jest mo\u017cliwe od 7 lat.<\/p><p><span style=\"font-weight: bolder;\">Godziny otwarcia:<\/span><\/p><p>Poniedzia\u0142ek:\u00a0 \u00a015:00 \u2013 21:00<\/p><p>Wtorek:\u00a0 \u00a0 \u00a0 \u00a0 \u00a0 \u00a0 \u00a015:00 \u2013 21:00<\/p><p>\u015aroda:\u00a0 \u00a0 \u00a0 \u00a0 \u00a0 \u00a0 \u00a0 \u00a0 15:00 \u2013 21:00<\/p><p>Czwartek:\u00a0 \u00a0 \u00a0 \u00a0 \u00a0 15:00 \u2013 21:00<\/p><p>Pi\u0105tek:\u00a0 \u00a0 \u00a0 \u00a0 \u00a0 \u00a0 \u00a0 \u00a0 15:00 \u2013 21:00<\/p><p>Sobota:\u00a0 \u00a0 \u00a0 \u00a0 \u00a0 \u00a0 \u00a0 \u00a012:00 \u2013 21:00<\/p><p>Niedziela:\u00a0 \u00a0 \u00a0 \u00a0 \u00a0 \u00a012:00 \u2013 21:00<\/p>\t\t\t\t\t\t\t\t<\/div>\n\t\t\t\t<\/div>\n\t\t<div class=\"elementor-element elementor-element-7e1424c e-con-full e-flex e-con e-child\" data-id=\"7e1424c\" data-element_type=\"container\" data-e-type=\"container\">\n\t\t\t\t<div class=\"elementor-element elementor-element-c1e8281 elementor-widget elementor-widget-jet-image-accordion\" data-id=\"c1e8281\" data-element_type=\"widget\" data-e-type=\"widget\" data-widget_type=\"jet-image-accordion.default\">\n\t\t\t\t<div class=\"elementor-widget-container\">\n\t\t\t\t\t<div class=\"elementor-jet-image-accordion jet-tabs-addons\"><div class=\"jet-image-accordion jet-image-accordion-horizontal-orientation jet-image-accordion-circ-ease\" role=\"tablist\" data-settings=\"{&quot;orientation&quot;:&quot;horizontal&quot;,&quot;activeSize&quot;:{&quot;unit&quot;:&quot;%&quot;,&quot;size&quot;:62,&quot;sizes&quot;:[]},&quot;duration&quot;:500,&quot;activeItem&quot;:-1}\">\n\t<div class=\"jet-image-accordion__list\">\n<div class=\"jet-image-accordion__item title-display-mode__on_hover\" role=\"tab\" aria-selected=\"false\" tabindex=\"0\">\n<img decoding=\"async\" class=\"jet-image-accordion__image-instance\" src=\"https:\/\/ateitis.pl\/bialystok\/wp-content\/uploads\/2024\/02\/10df5af1-1407-47fe-9fb8-2a277a945d7a-min.jpeg\" alt=\"10df5af1-1407-47fe-9fb8-2a277a945d7a-min\">\t\t<div class=\"jet-image-accordion__content\"><\/div>\n\t<div class=\"jet-image-accordion__item-loader\"><span><\/span><\/div>\n<\/div>\n<div class=\"jet-image-accordion__item title-display-mode__on_hover\" role=\"tab\" aria-selected=\"false\" tabindex=\"0\">\n<img decoding=\"async\" class=\"jet-image-accordion__image-instance\" src=\"https:\/\/ateitis.pl\/bialystok\/wp-content\/uploads\/2024\/02\/69df0c2d-84c4-4b1e-97c7-796482f1439d-min.jpeg\" alt=\"69df0c2d-84c4-4b1e-97c7-796482f1439d-min\">\t\t<div class=\"jet-image-accordion__content\"><\/div>\n\t<div class=\"jet-image-accordion__item-loader\"><span><\/span><\/div>\n<\/div>\n<div class=\"jet-image-accordion__item title-display-mode__on_hover\" role=\"tab\" aria-selected=\"false\" tabindex=\"0\">\n<img decoding=\"async\" class=\"jet-image-accordion__image-instance\" src=\"https:\/\/ateitis.pl\/bialystok\/wp-content\/uploads\/2024\/02\/5288528a-25b1-41b5-8728-54d5ae2e8531-min.jpeg\" alt=\"5288528a-25b1-41b5-8728-54d5ae2e8531-min\">\t\t<div class=\"jet-image-accordion__content\"><\/div>\n\t<div class=\"jet-image-accordion__item-loader\"><span><\/span><\/div>\n<\/div>\n<\/div>\n<\/div>\n<\/div>\t\t\t\t<\/div>\n\t\t\t\t<\/div>\n\t\t\t\t<\/div>\n\t\t<div class=\"elementor-element elementor-element-3270fc9 e-con-full e-flex e-con e-child\" data-id=\"3270fc9\" data-element_type=\"container\" data-e-type=\"container\">\n\t\t\t\t<\/div>\n\t\t\t\t\t<\/div>\n\t\t\t\t<\/div>\n\t\t\t\t\t<\/div>\n\t\t\t\t<\/div>\n\t\t\t\t<\/div>\n\t\t","protected":false},"excerpt":{"rendered":"<p>Zarezerwuj ju\u017c dzi\u015b Zalecamy wcze\u015bniejsz\u0105 rezerwacj\u0119\u00a0 na naszej stronie internetowej lub telefonicznie. VR ARENA swobodnego przemieszczania ul.Elewatorska 29, 15-620 Bia\u0142ystok\u00a0 30 min.: 70 PLN 60 min.: 120 PLN Grupa 5-8 os\u00f3b:\u00a0 110 PLN na osob\u0119 !!! Grupa 9-10 os\u00f3b:\u00a0 100 PLN na osob\u0119 !!! * Rezerwacja 30-minutowa dost\u0119pna po kontakcie telefonicznym lub przy rezerwacji na [&hellip;]<\/p>\n","protected":false},"author":4,"featured_media":0,"parent":0,"menu_order":0,"comment_status":"closed","ping_status":"closed","template":"","meta":{"footnotes":""},"class_list":["post-1589","page","type-page","status-publish","hentry"],"_links":{"self":[{"href":"https:\/\/ateitis.pl\/bialystok\/wp-json\/wp\/v2\/pages\/1589","targetHints":{"allow":["GET"]}}],"collection":[{"href":"https:\/\/ateitis.pl\/bialystok\/wp-json\/wp\/v2\/pages"}],"about":[{"href":"https:\/\/ateitis.pl\/bialystok\/wp-json\/wp\/v2\/types\/page"}],"author":[{"embeddable":true,"href":"https:\/\/ateitis.pl\/bialystok\/wp-json\/wp\/v2\/users\/4"}],"replies":[{"embeddable":true,"href":"https:\/\/ateitis.pl\/bialystok\/wp-json\/wp\/v2\/comments?post=1589"}],"version-history":[{"count":135,"href":"https:\/\/ateitis.pl\/bialystok\/wp-json\/wp\/v2\/pages\/1589\/revisions"}],"predecessor-version":[{"id":4137,"href":"https:\/\/ateitis.pl\/bialystok\/wp-json\/wp\/v2\/pages\/1589\/revisions\/4137"}],"wp:attachment":[{"href":"https:\/\/ateitis.pl\/bialystok\/wp-json\/wp\/v2\/media?parent=1589"}],"curies":[{"name":"wp","href":"https:\/\/api.w.org\/{rel}","templated":true}]}}